{"id":1942,"date":"2023-07-13T21:05:15","date_gmt":"2023-07-13T19:05:15","guid":{"rendered":"http:\/\/rowerowycieszyn.pl\/?page_id=1942"},"modified":"2023-07-13T22:23:45","modified_gmt":"2023-07-13T20:23:45","slug":"regulamin","status":"publish","type":"page","link":"https:\/\/rowerowycieszyn.pl\/index.php\/regulamin\/","title":{"rendered":"Regulamin"},"content":{"rendered":"<ol>\n<li>Stowarzyszenie zwyk\u0142e nosi nazw\u0119 <strong>Rowerowy Cieszyn<\/strong>. W dalszych postanowieniach regulaminu zwane jest Stowarzyszeniem.<\/li>\n<li>Stowarzyszenie dzia\u0142a na terenie Rzeczypospolitej Polskiej i za granic\u0105.<\/li>\n<li>Siedzib\u0105 Stowarzyszenia jest miasto Cieszyn.<\/li>\n<li>Stowarzyszenie jest zawi\u0105zane na czas nieokre\u015blony. Dzia\u0142a na podstawie niniejszego regulaminu oraz przepis\u00f3w Ustawy z dnia 7 kwietnia 1989 r. Prawo o stowarzyszeniach.<\/li>\n<li>Dzia\u0142alno\u015b\u0107 Stowarzyszenia oparta jest na pracy spo\u0142ecznej jej cz\u0142onk\u00f3w.<\/li>\n<li>Cele Stowarzyszenia to:\n<ol>\n<li>dzia\u0142ania na rzecz rozwoju infrastruktury rowerowej,<\/li>\n<li>promowanie komunikacji, rekreacji i turystyki rowerowej zwanej dalej Transportem Rowerowym, ze szczeg\u00f3lnym naciskiem na promowanie roweru jako \u015brodka codziennej komunikacji w mie\u015bcie i poza nim,<\/li>\n<li>wsp\u00f3\u0142praca z organami administracji publicznej poprzez opiniowanie projekt\u00f3w, doradzanie oraz monitorowanie rozwoju infrastruktury rowerowej w celu zapewnienia jej zgodno\u015bci z og\u00f3lnie stosowanymi standardami, dobrymi praktykami oraz potrzebami u\u017cytkownik\u00f3w, ze szczeg\u00f3lnym zwr\u00f3ceniem uwagi na bezpiecze\u0144stwo u\u017cytkownik\u00f3w ruchu rowerowego,<\/li>\n<li>organizacja wydarze\u0144 rekreacyjnych, turystycznych, sportowych i kulturalnych zwi\u0105zanych z tematyk\u0105 rowerow\u0105,<\/li>\n<li>podnoszenie \u015bwiadomo\u015bci lokalnej spo\u0142eczno\u015bci oraz lokalnych w\u0142adz samorz\u0105dowych w zakresie korzy\u015bci wynikaj\u0105cych z rozwoju Transportu Rowerowego.<\/li>\n<\/ol>\n<\/li>\n<li>Stowarzyszenie realizuje swoje cele poprzez:\n<ol>\n<li>publikacje w \u015brodkach masowego przekazu oraz mediach spo\u0142eczno\u015bciowych,<\/li>\n<li>wyst\u0119powanie z inicjatywami obywatelskimi, zg\u0142aszanie koncepcji i projekt\u00f3w,<\/li>\n<li>uczestnictwo w konsultacjach spo\u0142ecznych oraz cia\u0142ach doradczych powo\u0142ywanych przez organy administracji samorz\u0105dowej, po\u015bwi\u0119conych tematyce rozwoju infrastruktury rowerowej,<\/li>\n<li>rozpowszechnianie wiedzy na temat dobrych praktyk w zakresie Transportu Rowerowego w spo\u0142eczno\u015bci lokalnej oraz w\u015br\u00f3d przedstawicieli w\u0142adz samorz\u0105dowych,<\/li>\n<li>organizacj\u0119 wydarze\u0144 z udzia\u0142em rowerzyst\u00f3w,<\/li>\n<li>wymian\u0119 wiedzy i do\u015bwiadcze\u0144 z innymi organizacjami rowerowymi na terenie kraju i zagranicy w celu wsp\u00f3lnego doskonalenia i kszta\u0142towania dobrych praktyk zwi\u0105zanych z celami stowarzyszenia.<\/li>\n<\/ol>\n<\/li>\n<li>Cz\u0142onkiem Stowarzyszenia mo\u017ce by\u0107 osoba fizyczna posiadaj\u0105ca pe\u0142n\u0105 zdolno\u015b\u0107 do czynno\u015bci prawnych i niepozbawiona praw publicznych, b\u0119d\u0105ca obywatelem polskim lub cudzoziemcem.<\/li>\n<li>Przyj\u0119cia nowych cz\u0142onk\u00f3w dokonuje Zebranie Cz\u0142onk\u00f3w uchwa\u0142\u0105 podj\u0119t\u0105 w ci\u0105gu 30 dni od daty z\u0142o\u017cenia deklaracji zawieraj\u0105cej rekomendacj\u0119 dw\u00f3ch cz\u0142onk\u00f3w.<\/li>\n<li>Cz\u0142onek Stowarzyszenia ma prawo do:\n<ol>\n<li>czynnego i biernego udzia\u0142u w wyborach w\u0142adz Stowarzyszenia,<\/li>\n<li>uczestniczenia w spotkaniach, wydarzeniach i innych dzia\u0142aniach wynikaj\u0105cych z realizacji cel\u00f3w regulaminowych Stowarzyszenia,<\/li>\n<li>uzyskiwania informacji o dzia\u0142alno\u015bci Stowarzyszenia,<\/li>\n<li>zg\u0142aszania opinii, wniosk\u00f3w i postulat\u00f3w pod adresem w\u0142adz Stowarzyszenia.<\/li>\n<\/ol>\n<\/li>\n<li>Cz\u0142onek Stowarzyszenia obowi\u0105zany jest do:\n<ol>\n<li>uczestniczenia w realizacji cel\u00f3w regulaminowych Stowarzyszenia,<\/li>\n<li>uczestniczenia w spotkaniach Stowarzyszenia przynajmniej jeden raz w roku,<\/li>\n<li>przestrzegania regulaminu i uchwa\u0142 w\u0142adz Stowarzyszenia,<\/li>\n<li>dbania o dobre imi\u0119 Stowarzyszenia,<\/li>\n<li>terminowego p\u0142acenia sk\u0142adek cz\u0142onkowskich.<\/li>\n<\/ol>\n<\/li>\n<li>Cz\u0142onkostwo w Stowarzyszeniu ustaje na skutek:\n<ol>\n<li>rozwi\u0105zania Stowarzyszenia,<\/li>\n<li>\u015bmierci cz\u0142onka,<\/li>\n<li>dobrowolnej rezygnacji z przynale\u017cno\u015bci do Stowarzyszenia, zg\u0142oszonej Zebraniu Cz\u0142onk\u00f3w lub Przedstawicielowi w formie pisemnej,<\/li>\n<li>wykluczenia ze Stowarzyszenia w drodze uchwa\u0142y Zebrania Cz\u0142onk\u00f3w w przypadku stwierdzenia istotnego naruszenia zasad regulaminowych lub dzia\u0142ania na szkod\u0119 Stowarzyszenia,<\/li>\n<\/ol>\n<\/li>\n<li>Osoba wykluczona lub skre\u015blona ma prawo wniesienia odwo\u0142ania do Zebrania Cz\u0142onk\u00f3w w terminie 14 dni od daty dor\u0119czenia uchwa\u0142y na pi\u015bmie. Zebranie Cz\u0142onk\u00f3w rozpatruje odwo\u0142anie w czasie najbli\u017cszych obrad, a jego decyzja jest ostateczna.<\/li>\n<li>W\u0142adzami Stowarzyszenia s\u0105:\n<ol>\n<li>Zebranie Cz\u0142onk\u00f3w,<\/li>\n<li>Przedstawiciel.<\/li>\n<\/ol>\n<\/li>\n<li>Decyzje Zebrania Cz\u0142onk\u00f3w podejmowane s\u0105 w g\u0142osowaniu jawnym. Zebranie mo\u017ce zdecydowa\u0107 o przeprowadzeniu g\u0142osowania tajnego.<\/li>\n<li>Uchwa\u0142y Zebrania Cz\u0142onk\u00f3w Stowarzyszenia podejmowane s\u0105 zwyk\u0142\u0105 wi\u0119kszo\u015bci\u0105 g\u0142os\u00f3w:\n<ol>\n<li>w pierwszym terminie \u2013 przy obecno\u015bci co najmniej po\u0142owy os\u00f3b uprawnionych do g\u0142osowania,<\/li>\n<li>w drugim terminie \u2013 bez wzgl\u0119du na liczb\u0119 obecnych os\u00f3b uprawnionych do g\u0142osowania.<\/li>\n<\/ol>\n<\/li>\n<li>Zebranie Cz\u0142onk\u00f3w jest najwy\u017csz\u0105 w\u0142adz\u0105 Stowarzyszenia, kt\u00f3re podejmuje decyzje we wszystkich sprawach nale\u017c\u0105cych do zakresu dzia\u0142ania Stowarzyszenia, o ile regulamin nie stanowi inaczej.<\/li>\n<li>Zebranie Cz\u0142onk\u00f3w zwo\u0142uje Przedstawiciel.<\/li>\n<li>Do kompetencji Zebrania Cz\u0142onk\u00f3w nale\u017cy m.in:\n<ol>\n<li>ustalanie kierunk\u00f3w dzia\u0142ania i rozwoju,<\/li>\n<li>wyb\u00f3r i odwo\u0142anie Przedstawiciela,<\/li>\n<li>przyjmowanie i odwo\u0142ywanie cz\u0142onk\u00f3w,<\/li>\n<li>coroczne ustalanie wysoko\u015bci sk\u0142adki cz\u0142onkowskiej,<\/li>\n<li>uchwalanie zmian regulaminu,<\/li>\n<li>podejmowanie decyzji o rozwi\u0105zaniu stowarzyszenia,<\/li>\n<li>podejmowanie decyzji o nabyciu oraz zbyciu ruchomo\u015bci lub nieruchomo\u015bci lub prawa u\u017cytkowania wieczystego,<\/li>\n<li>podejmowanie decyzji o ustanowieniu ograniczonego prawa rzeczowego,<\/li>\n<li>podejmowanie decyzji o zawarciu umowy kredytu albo po\u017cyczki,<\/li>\n<li>podejmowanie decyzji o przej\u0119ciu d\u0142ugu, uznaniu d\u0142ugu, zwolnieniu z d\u0142ugu, przyst\u0105pieniu do d\u0142ugu, zawarciu umowy por\u0119czenia lub zawarciu innej podobnej umowy,<\/li>\n<li>podejmowanie decyzji o zaci\u0105ganiu innych zobowi\u0105za\u0144 przekraczaj\u0105cych warto\u015b\u0107 10 000 z\u0142.<\/li>\n<\/ol>\n<\/li>\n<li>W sprawach okre\u015blonych w par. 19 pkt. 7-11 podczas Zebrania Cz\u0142onk\u00f3w wymagana jest obecno\u015b\u0107 wszystkich cz\u0142onk\u00f3w Stowarzyszenia.<\/li>\n<li>Zebranie Cz\u0142onk\u00f3w zwo\u0142uje Przedstawiciel lub 1\/3 cz\u0142onk\u00f3w Stowarzyszenia. Zebraniem Cz\u0142onk\u00f3w kieruje Przewodnicz\u0105cy Zebrania.<\/li>\n<li>Stowarzyszenie jest reprezentowane przez Przedstawiciela wybieranego przez Zebranie Cz\u0142onk\u00f3w na 3-letni\u0105 kadencj\u0119. Przedstawiciel mo\u017ce zosta\u0107 odwo\u0142any przez Zebranie Cz\u0142onk\u00f3w.<\/li>\n<li>Do zakresu dzia\u0142ania Przedstawiciela nale\u017cy:\n<ol>\n<li>reprezentowanie stowarzyszenia na zewn\u0105trz,<\/li>\n<li>zarz\u0105dzanie maj\u0105tkiem stowarzyszenia,<\/li>\n<li>zwo\u0142ywanie Zebrania Cz\u0142onk\u00f3w<\/li>\n<\/ol>\n<\/li>\n<li>\u015arodki na dzia\u0142alno\u015b\u0107 stowarzyszenia pochodz\u0105 z:\n<ol>\n<li>sk\u0142adek cz\u0142onkowskich,<\/li>\n<li>dotacji,<\/li>\n<li>darowizn,<\/li>\n<li>zbi\u00f3rek publicznych,<\/li>\n<li>spadk\u00f3w, zapis\u00f3w,<\/li>\n<li>dochod\u00f3w z maj\u0105tku stowarzyszenia.<\/li>\n<\/ol>\n<\/li>\n<li>Decyzj\u0119 w sprawie zmiany regulaminu oraz rozwi\u0105zania stowarzyszenia podejmuje Zebranie Cz\u0142onk\u00f3w zwyk\u0142\u0105 wi\u0119kszo\u015bci\u0105 g\u0142os\u00f3w przy obecno\u015bci co najmniej 2\/3 cz\u0142onk\u00f3w uprawnionych do g\u0142osowania. Podejmuj\u0105c uchwa\u0142\u0119 o rozwi\u0105zaniu Stowarzyszenia Zebranie Cz\u0142onk\u00f3w okre\u015bla przeznaczenie pozosta\u0142ych \u015brodk\u00f3w finansowych Stowarzyszenia.<\/li>\n<li>W sprawach nieuregulowanych niniejszym Regulaminem zastosowanie maj\u0105 przepisy ustawy Prawo o stowarzyszeniach wymienionej w punkcie 4.<\/li>\n<\/ol>\n<p>&nbsp;<\/p>\n","protected":false},"excerpt":{"rendered":"<p>Stowarzyszenie zwyk\u0142e nosi nazw\u0119 Rowerowy Cieszyn. W dalszych postanowieniach regulaminu zwane jest Stowarzyszeniem. Stowarzyszenie dzia\u0142a na terenie Rzeczypospolitej Polskiej i za granic\u0105. Siedzib\u0105 Stowarzyszenia jest miasto Cieszyn. Stowarzyszenie jest zawi\u0105zane&hellip; <\/p>\n","protected":false},"author":1,"featured_media":0,"parent":0,"menu_order":0,"comment_status":"closed","ping_status":"closed","template":"","meta":{"footnotes":""},"class_list":["post-1942","page","type-page","status-publish","hentry"],"yoast_head":"<!-- This site is optimized with the Yoast SEO plugin v27.3 - https:\/\/yoast.com\/product\/yoast-seo-wordpress\/ -->\n<title>Regulamin - Rowerowy Cieszyn<\/title>\n<meta name=\"robots\" content=\"index, follow, max-snippet:-1, max-image-preview:large, max-video-preview:-1\" \/>\n<link rel=\"canonical\" href=\"https:\/\/rowerowycieszyn.pl\/index.php\/regulamin\/\" \/>\n<meta property=\"og:locale\" content=\"pl_PL\" \/>\n<meta property=\"og:type\" content=\"article\" \/>\n<meta property=\"og:title\" content=\"Regulamin - Rowerowy Cieszyn\" \/>\n<meta property=\"og:description\" content=\"Stowarzyszenie zwyk\u0142e nosi nazw\u0119 Rowerowy Cieszyn. W dalszych postanowieniach regulaminu zwane jest Stowarzyszeniem. Stowarzyszenie dzia\u0142a na terenie Rzeczypospolitej Polskiej i za granic\u0105. Siedzib\u0105 Stowarzyszenia jest miasto Cieszyn. Stowarzyszenie jest zawi\u0105zane&hellip;\" \/>\n<meta property=\"og:url\" content=\"https:\/\/rowerowycieszyn.pl\/index.php\/regulamin\/\" \/>\n<meta property=\"og:site_name\" content=\"Rowerowy Cieszyn\" \/>\n<meta property=\"article:publisher\" content=\"https:\/\/www.facebook.com\/RowerowyCieszyn\" \/>\n<meta property=\"article:modified_time\" content=\"2023-07-13T20:23:45+00:00\" \/>\n<meta name=\"twitter:card\" content=\"summary_large_image\" \/>\n<meta name=\"twitter:label1\" content=\"Szacowany czas czytania\" \/>\n\t<meta name=\"twitter:data1\" content=\"5 minut\" \/>\n<script type=\"application\/ld+json\" class=\"yoast-schema-graph\">{\"@context\":\"https:\\\/\\\/schema.org\",\"@graph\":[{\"@type\":\"WebPage\",\"@id\":\"https:\\\/\\\/rowerowycieszyn.pl\\\/index.php\\\/regulamin\\\/\",\"url\":\"https:\\\/\\\/rowerowycieszyn.pl\\\/index.php\\\/regulamin\\\/\",\"name\":\"Regulamin - Rowerowy Cieszyn\",\"isPartOf\":{\"@id\":\"https:\\\/\\\/rowerowycieszyn.pl\\\/#website\"},\"datePublished\":\"2023-07-13T19:05:15+00:00\",\"dateModified\":\"2023-07-13T20:23:45+00:00\",\"breadcrumb\":{\"@id\":\"https:\\\/\\\/rowerowycieszyn.pl\\\/index.php\\\/regulamin\\\/#breadcrumb\"},\"inLanguage\":\"pl-PL\",\"potentialAction\":[{\"@type\":\"ReadAction\",\"target\":[\"https:\\\/\\\/rowerowycieszyn.pl\\\/index.php\\\/regulamin\\\/\"]}]},{\"@type\":\"BreadcrumbList\",\"@id\":\"https:\\\/\\\/rowerowycieszyn.pl\\\/index.php\\\/regulamin\\\/#breadcrumb\",\"itemListElement\":[{\"@type\":\"ListItem\",\"position\":1,\"name\":\"Home\",\"item\":\"https:\\\/\\\/rowerowycieszyn.pl\\\/\"},{\"@type\":\"ListItem\",\"position\":2,\"name\":\"Regulamin\"}]},{\"@type\":\"WebSite\",\"@id\":\"https:\\\/\\\/rowerowycieszyn.pl\\\/#website\",\"url\":\"https:\\\/\\\/rowerowycieszyn.pl\\\/\",\"name\":\"Rowerowy Cieszyn\",\"description\":\"Strona promuj\u0105ca komunikacj\u0119 oraz turystyk\u0119 rowerow\u0105 na terenie Cieszyna i okolic.\",\"publisher\":{\"@id\":\"https:\\\/\\\/rowerowycieszyn.pl\\\/#organization\"},\"potentialAction\":[{\"@type\":\"SearchAction\",\"target\":{\"@type\":\"EntryPoint\",\"urlTemplate\":\"https:\\\/\\\/rowerowycieszyn.pl\\\/?s={search_term_string}\"},\"query-input\":{\"@type\":\"PropertyValueSpecification\",\"valueRequired\":true,\"valueName\":\"search_term_string\"}}],\"inLanguage\":\"pl-PL\"},{\"@type\":\"Organization\",\"@id\":\"https:\\\/\\\/rowerowycieszyn.pl\\\/#organization\",\"name\":\"Rowerowy Cieszyn\",\"url\":\"https:\\\/\\\/rowerowycieszyn.pl\\\/\",\"logo\":{\"@type\":\"ImageObject\",\"inLanguage\":\"pl-PL\",\"@id\":\"https:\\\/\\\/rowerowycieszyn.pl\\\/#\\\/schema\\\/logo\\\/image\\\/\",\"url\":\"https:\\\/\\\/rowerowycieszyn.pl\\\/wp-content\\\/uploads\\\/2020\\\/07\\\/cropped-rower1_cr_tn-1.jpg\",\"contentUrl\":\"https:\\\/\\\/rowerowycieszyn.pl\\\/wp-content\\\/uploads\\\/2020\\\/07\\\/cropped-rower1_cr_tn-1.jpg\",\"width\":250,\"height\":100,\"caption\":\"Rowerowy Cieszyn\"},\"image\":{\"@id\":\"https:\\\/\\\/rowerowycieszyn.pl\\\/#\\\/schema\\\/logo\\\/image\\\/\"},\"sameAs\":[\"https:\\\/\\\/www.facebook.com\\\/RowerowyCieszyn\"]}]}<\/script>\n<!-- \/ Yoast SEO plugin. -->","yoast_head_json":{"title":"Regulamin - Rowerowy Cieszyn","robots":{"index":"index","follow":"follow","max-snippet":"max-snippet:-1","max-image-preview":"max-image-preview:large","max-video-preview":"max-video-preview:-1"},"canonical":"https:\/\/rowerowycieszyn.pl\/index.php\/regulamin\/","og_locale":"pl_PL","og_type":"article","og_title":"Regulamin - Rowerowy Cieszyn","og_description":"Stowarzyszenie zwyk\u0142e nosi nazw\u0119 Rowerowy Cieszyn. W dalszych postanowieniach regulaminu zwane jest Stowarzyszeniem. Stowarzyszenie dzia\u0142a na terenie Rzeczypospolitej Polskiej i za granic\u0105. Siedzib\u0105 Stowarzyszenia jest miasto Cieszyn. Stowarzyszenie jest zawi\u0105zane&hellip;","og_url":"https:\/\/rowerowycieszyn.pl\/index.php\/regulamin\/","og_site_name":"Rowerowy Cieszyn","article_publisher":"https:\/\/www.facebook.com\/RowerowyCieszyn","article_modified_time":"2023-07-13T20:23:45+00:00","twitter_card":"summary_large_image","twitter_misc":{"Szacowany czas czytania":"5 minut"},"schema":{"@context":"https:\/\/schema.org","@graph":[{"@type":"WebPage","@id":"https:\/\/rowerowycieszyn.pl\/index.php\/regulamin\/","url":"https:\/\/rowerowycieszyn.pl\/index.php\/regulamin\/","name":"Regulamin - Rowerowy Cieszyn","isPartOf":{"@id":"https:\/\/rowerowycieszyn.pl\/#website"},"datePublished":"2023-07-13T19:05:15+00:00","dateModified":"2023-07-13T20:23:45+00:00","breadcrumb":{"@id":"https:\/\/rowerowycieszyn.pl\/index.php\/regulamin\/#breadcrumb"},"inLanguage":"pl-PL","potentialAction":[{"@type":"ReadAction","target":["https:\/\/rowerowycieszyn.pl\/index.php\/regulamin\/"]}]},{"@type":"BreadcrumbList","@id":"https:\/\/rowerowycieszyn.pl\/index.php\/regulamin\/#breadcrumb","itemListElement":[{"@type":"ListItem","position":1,"name":"Home","item":"https:\/\/rowerowycieszyn.pl\/"},{"@type":"ListItem","position":2,"name":"Regulamin"}]},{"@type":"WebSite","@id":"https:\/\/rowerowycieszyn.pl\/#website","url":"https:\/\/rowerowycieszyn.pl\/","name":"Rowerowy Cieszyn","description":"Strona promuj\u0105ca komunikacj\u0119 oraz turystyk\u0119 rowerow\u0105 na terenie Cieszyna i okolic.","publisher":{"@id":"https:\/\/rowerowycieszyn.pl\/#organization"},"potentialAction":[{"@type":"SearchAction","target":{"@type":"EntryPoint","urlTemplate":"https:\/\/rowerowycieszyn.pl\/?s={search_term_string}"},"query-input":{"@type":"PropertyValueSpecification","valueRequired":true,"valueName":"search_term_string"}}],"inLanguage":"pl-PL"},{"@type":"Organization","@id":"https:\/\/rowerowycieszyn.pl\/#organization","name":"Rowerowy Cieszyn","url":"https:\/\/rowerowycieszyn.pl\/","logo":{"@type":"ImageObject","inLanguage":"pl-PL","@id":"https:\/\/rowerowycieszyn.pl\/#\/schema\/logo\/image\/","url":"https:\/\/rowerowycieszyn.pl\/wp-content\/uploads\/2020\/07\/cropped-rower1_cr_tn-1.jpg","contentUrl":"https:\/\/rowerowycieszyn.pl\/wp-content\/uploads\/2020\/07\/cropped-rower1_cr_tn-1.jpg","width":250,"height":100,"caption":"Rowerowy Cieszyn"},"image":{"@id":"https:\/\/rowerowycieszyn.pl\/#\/schema\/logo\/image\/"},"sameAs":["https:\/\/www.facebook.com\/RowerowyCieszyn"]}]}},"_links":{"self":[{"href":"https:\/\/rowerowycieszyn.pl\/index.php\/wp-json\/wp\/v2\/pages\/1942","targetHints":{"allow":["GET"]}}],"collection":[{"href":"https:\/\/rowerowycieszyn.pl\/index.php\/wp-json\/wp\/v2\/pages"}],"about":[{"href":"https:\/\/rowerowycieszyn.pl\/index.php\/wp-json\/wp\/v2\/types\/page"}],"author":[{"embeddable":true,"href":"https:\/\/rowerowycieszyn.pl\/index.php\/wp-json\/wp\/v2\/users\/1"}],"replies":[{"embeddable":true,"href":"https:\/\/rowerowycieszyn.pl\/index.php\/wp-json\/wp\/v2\/comments?post=1942"}],"version-history":[{"count":4,"href":"https:\/\/rowerowycieszyn.pl\/index.php\/wp-json\/wp\/v2\/pages\/1942\/revisions"}],"predecessor-version":[{"id":1952,"href":"https:\/\/rowerowycieszyn.pl\/index.php\/wp-json\/wp\/v2\/pages\/1942\/revisions\/1952"}],"wp:attachment":[{"href":"https:\/\/rowerowycieszyn.pl\/index.php\/wp-json\/wp\/v2\/media?parent=1942"}],"curies":[{"name":"wp","href":"https:\/\/api.w.org\/{rel}","templated":true}]}}