{"id":2,"date":"2020-06-29T13:11:58","date_gmt":"2020-06-29T11:11:58","guid":{"rendered":"http:\/\/rowerowycieszyn.pl\/?page_id=2"},"modified":"2025-02-14T11:25:24","modified_gmt":"2025-02-14T10:25:24","slug":"o-nas","status":"publish","type":"page","link":"https:\/\/rowerowycieszyn.pl\/index.php\/o-nas\/","title":{"rendered":"O nas"},"content":{"rendered":"\r\n<h2>Kim jeste\u015bmy?<\/h2>\r\n<p>Jeste\u015bmy grup\u0105 os\u00f3b, kt\u00f3re kochaj\u0105 jazd\u0119 rowerem i wykorzystuj\u0105 ka\u017cd\u0105 nadarzaj\u0105c\u0105 si\u0119 okazj\u0119, by skorzysta\u0107 z tego \u015brodka transportu.<\/p>\r\n<h2>Jaki jest nasz cel?<\/h2>\r\n<p>Chcemy stymulowa\u0107 i monitorowa\u0107 rozw\u00f3j infrastruktury rowerowej w naszym mie\u015bcie i okolicach, by spe\u0142nia\u0142a ona najwy\u017csze standardy oraz zach\u0119ca\u0142a mieszka\u0144c\u00f3w oraz turyst\u00f3w do wyboru tego \u015brodka transportu jako atrakcyjnej alternatywy wobec transportu samochodowego. Naszym marzeniem jest, by kiedy\u015b poruszanie si\u0119 rowerem po Cieszynie, by\u0142o wygodniejsze, bezpieczniejsze i przyjemniejsze od jazdy samochodem czy autobusem.<\/p>\r\n<h2>Jak go chcemy osi\u0105gn\u0105\u0107?<\/h2>\r\n<p>B\u0119dziemy lobbowa\u0107 we wszystkich mo\u017cliwych organizacjach i w\u0142adzach za dzia\u0142aniami zwi\u0119kszaj\u0105cymi bezpiecze\u0144stwo i wygod\u0119 poruszania si\u0119 rowerem po Cieszynie. W szczeg\u00f3lno\u015bci b\u0119dziemy d\u0105\u017cy\u0107 do wspierania rozwoju sieci \u015bcie\u017cek dla rowerzyst\u00f3w, miejsc do parkowania rower\u00f3w oraz wszelkich innych u\u0142atwie\u0144 i udogodnie\u0144, kt\u00f3re przyczyni\u0105 si\u0119 do wzrostu popularno\u015bci tej formy przemieszczania si\u0119 si\u0119. B\u0119dziemy r\u00f3wnie\u017c promowa\u0107 wzrost \u015bwiadomo\u015bci kierowc\u00f3w, by w spos\u00f3b szczeg\u00f3lny traktowali osoby poruszaj\u0105ce si\u0119 na rowerach, pami\u0119taj\u0105c, \u017ce nie chroni\u0105 ich pasy bezpiecze\u0144stwa ani poduszki powietrzne.<\/p>\r\n<h2>Jak do\u0142\u0105czy\u0107?<\/h2>\r\n<p>Zapraszamy do wsp\u00f3\u0142pracy wszystkie osoby, kt\u00f3re chc\u0105 aktywnie zaanga\u017cowa\u0107 si\u0119 promocj\u0119 komunikacji rowerowej oraz w dzia\u0142ania na rzecz rozwoju infrastruktury rowerowej.<\/p>\r\n<p>Odwied\u017a nas na <a href=\"https:\/\/www.facebook.com\/RowerowyCieszyn\">Facebooku<\/a> lub napisz maila <a href=\"mailto:rowerowycieszyn@gmail.com\">rowerowycieszyn@gmail.com<\/a><\/p>\r\n<p>Cz\u0142onkowie za\u0142o\u017cyciele stowarzyszenia Rowerowy Cieszyn<\/p>\r\n<p>Rados\u0142aw Grabowski<br \/>Marcin Mo\u0144ka<br \/>Piotr Stok\u0142osa (przedstawiciel)<br \/>Jacek Tomczyk<br \/>Szymon W\u0105sowicz<\/p>\r\n","protected":false},"excerpt":{"rendered":"<p>Kim jeste\u015bmy? Jeste\u015bmy grup\u0105 os\u00f3b, kt\u00f3re kochaj\u0105 jazd\u0119 rowerem i wykorzystuj\u0105 ka\u017cd\u0105 nadarzaj\u0105c\u0105 si\u0119 okazj\u0119, by skorzysta\u0107 z tego \u015brodka transportu. Jaki jest nasz cel? Chcemy stymulowa\u0107 i monitorowa\u0107 rozw\u00f3j&hellip; <\/p>\n","protected":false},"author":1,"featured_media":0,"parent":0,"menu_order":0,"comment_status":"closed","ping_status":"open","template":"","meta":{"footnotes":""},"class_list":["post-2","page","type-page","status-publish","hentry"],"yoast_head":"<!-- This site is optimized with the Yoast SEO plugin v27.3 - https:\/\/yoast.com\/product\/yoast-seo-wordpress\/ -->\n<title>O nas - Rowerowy Cieszyn<\/title>\n<meta name=\"description\" content=\"Prezentacja i cele grupy sympatyk\u00f3w komunikacji i turystyki rowerowej z Cieszyna.\" \/>\n<meta name=\"robots\" content=\"index, follow, max-snippet:-1, max-image-preview:large, max-video-preview:-1\" \/>\n<link rel=\"canonical\" href=\"https:\/\/rowerowycieszyn.pl\/index.php\/o-nas\/\" \/>\n<meta property=\"og:locale\" content=\"pl_PL\" \/>\n<meta property=\"og:type\" content=\"article\" \/>\n<meta property=\"og:title\" content=\"O nas - Rowerowy Cieszyn\" \/>\n<meta property=\"og:description\" content=\"Prezentacja i cele grupy sympatyk\u00f3w komunikacji i turystyki rowerowej z Cieszyna.\" \/>\n<meta property=\"og:url\" content=\"https:\/\/rowerowycieszyn.pl\/index.php\/o-nas\/\" \/>\n<meta property=\"og:site_name\" content=\"Rowerowy Cieszyn\" \/>\n<meta property=\"article:publisher\" content=\"https:\/\/www.facebook.com\/RowerowyCieszyn\" \/>\n<meta property=\"article:modified_time\" content=\"2025-02-14T10:25:24+00:00\" \/>\n<meta name=\"twitter:card\" content=\"summary_large_image\" \/>\n<meta name=\"twitter:label1\" content=\"Szacowany czas czytania\" \/>\n\t<meta name=\"twitter:data1\" content=\"2 minuty\" \/>\n<script type=\"application\/ld+json\" class=\"yoast-schema-graph\">{\"@context\":\"https:\\\/\\\/schema.org\",\"@graph\":[{\"@type\":\"WebPage\",\"@id\":\"https:\\\/\\\/rowerowycieszyn.pl\\\/index.php\\\/o-nas\\\/\",\"url\":\"https:\\\/\\\/rowerowycieszyn.pl\\\/index.php\\\/o-nas\\\/\",\"name\":\"O nas - Rowerowy Cieszyn\",\"isPartOf\":{\"@id\":\"https:\\\/\\\/rowerowycieszyn.pl\\\/#website\"},\"datePublished\":\"2020-06-29T11:11:58+00:00\",\"dateModified\":\"2025-02-14T10:25:24+00:00\",\"description\":\"Prezentacja i cele grupy sympatyk\u00f3w komunikacji i turystyki rowerowej z Cieszyna.\",\"breadcrumb\":{\"@id\":\"https:\\\/\\\/rowerowycieszyn.pl\\\/index.php\\\/o-nas\\\/#breadcrumb\"},\"inLanguage\":\"pl-PL\",\"potentialAction\":[{\"@type\":\"ReadAction\",\"target\":[\"https:\\\/\\\/rowerowycieszyn.pl\\\/index.php\\\/o-nas\\\/\"]}]},{\"@type\":\"BreadcrumbList\",\"@id\":\"https:\\\/\\\/rowerowycieszyn.pl\\\/index.php\\\/o-nas\\\/#breadcrumb\",\"itemListElement\":[{\"@type\":\"ListItem\",\"position\":1,\"name\":\"Home\",\"item\":\"https:\\\/\\\/rowerowycieszyn.pl\\\/\"},{\"@type\":\"ListItem\",\"position\":2,\"name\":\"O nas\"}]},{\"@type\":\"WebSite\",\"@id\":\"https:\\\/\\\/rowerowycieszyn.pl\\\/#website\",\"url\":\"https:\\\/\\\/rowerowycieszyn.pl\\\/\",\"name\":\"Rowerowy Cieszyn\",\"description\":\"Strona promuj\u0105ca komunikacj\u0119 oraz turystyk\u0119 rowerow\u0105 na terenie Cieszyna i okolic.\",\"publisher\":{\"@id\":\"https:\\\/\\\/rowerowycieszyn.pl\\\/#organization\"},\"potentialAction\":[{\"@type\":\"SearchAction\",\"target\":{\"@type\":\"EntryPoint\",\"urlTemplate\":\"https:\\\/\\\/rowerowycieszyn.pl\\\/?s={search_term_string}\"},\"query-input\":{\"@type\":\"PropertyValueSpecification\",\"valueRequired\":true,\"valueName\":\"search_term_string\"}}],\"inLanguage\":\"pl-PL\"},{\"@type\":\"Organization\",\"@id\":\"https:\\\/\\\/rowerowycieszyn.pl\\\/#organization\",\"name\":\"Rowerowy Cieszyn\",\"url\":\"https:\\\/\\\/rowerowycieszyn.pl\\\/\",\"logo\":{\"@type\":\"ImageObject\",\"inLanguage\":\"pl-PL\",\"@id\":\"https:\\\/\\\/rowerowycieszyn.pl\\\/#\\\/schema\\\/logo\\\/image\\\/\",\"url\":\"https:\\\/\\\/rowerowycieszyn.pl\\\/wp-content\\\/uploads\\\/2020\\\/07\\\/cropped-rower1_cr_tn-1.jpg\",\"contentUrl\":\"https:\\\/\\\/rowerowycieszyn.pl\\\/wp-content\\\/uploads\\\/2020\\\/07\\\/cropped-rower1_cr_tn-1.jpg\",\"width\":250,\"height\":100,\"caption\":\"Rowerowy Cieszyn\"},\"image\":{\"@id\":\"https:\\\/\\\/rowerowycieszyn.pl\\\/#\\\/schema\\\/logo\\\/image\\\/\"},\"sameAs\":[\"https:\\\/\\\/www.facebook.com\\\/RowerowyCieszyn\"]}]}<\/script>\n<!-- \/ Yoast SEO plugin. -->","yoast_head_json":{"title":"O nas - Rowerowy Cieszyn","description":"Prezentacja i cele grupy sympatyk\u00f3w komunikacji i turystyki rowerowej z Cieszyna.","robots":{"index":"index","follow":"follow","max-snippet":"max-snippet:-1","max-image-preview":"max-image-preview:large","max-video-preview":"max-video-preview:-1"},"canonical":"https:\/\/rowerowycieszyn.pl\/index.php\/o-nas\/","og_locale":"pl_PL","og_type":"article","og_title":"O nas - Rowerowy Cieszyn","og_description":"Prezentacja i cele grupy sympatyk\u00f3w komunikacji i turystyki rowerowej z Cieszyna.","og_url":"https:\/\/rowerowycieszyn.pl\/index.php\/o-nas\/","og_site_name":"Rowerowy Cieszyn","article_publisher":"https:\/\/www.facebook.com\/RowerowyCieszyn","article_modified_time":"2025-02-14T10:25:24+00:00","twitter_card":"summary_large_image","twitter_misc":{"Szacowany czas czytania":"2 minuty"},"schema":{"@context":"https:\/\/schema.org","@graph":[{"@type":"WebPage","@id":"https:\/\/rowerowycieszyn.pl\/index.php\/o-nas\/","url":"https:\/\/rowerowycieszyn.pl\/index.php\/o-nas\/","name":"O nas - Rowerowy Cieszyn","isPartOf":{"@id":"https:\/\/rowerowycieszyn.pl\/#website"},"datePublished":"2020-06-29T11:11:58+00:00","dateModified":"2025-02-14T10:25:24+00:00","description":"Prezentacja i cele grupy sympatyk\u00f3w komunikacji i turystyki rowerowej z Cieszyna.","breadcrumb":{"@id":"https:\/\/rowerowycieszyn.pl\/index.php\/o-nas\/#breadcrumb"},"inLanguage":"pl-PL","potentialAction":[{"@type":"ReadAction","target":["https:\/\/rowerowycieszyn.pl\/index.php\/o-nas\/"]}]},{"@type":"BreadcrumbList","@id":"https:\/\/rowerowycieszyn.pl\/index.php\/o-nas\/#breadcrumb","itemListElement":[{"@type":"ListItem","position":1,"name":"Home","item":"https:\/\/rowerowycieszyn.pl\/"},{"@type":"ListItem","position":2,"name":"O nas"}]},{"@type":"WebSite","@id":"https:\/\/rowerowycieszyn.pl\/#website","url":"https:\/\/rowerowycieszyn.pl\/","name":"Rowerowy Cieszyn","description":"Strona promuj\u0105ca komunikacj\u0119 oraz turystyk\u0119 rowerow\u0105 na terenie Cieszyna i okolic.","publisher":{"@id":"https:\/\/rowerowycieszyn.pl\/#organization"},"potentialAction":[{"@type":"SearchAction","target":{"@type":"EntryPoint","urlTemplate":"https:\/\/rowerowycieszyn.pl\/?s={search_term_string}"},"query-input":{"@type":"PropertyValueSpecification","valueRequired":true,"valueName":"search_term_string"}}],"inLanguage":"pl-PL"},{"@type":"Organization","@id":"https:\/\/rowerowycieszyn.pl\/#organization","name":"Rowerowy Cieszyn","url":"https:\/\/rowerowycieszyn.pl\/","logo":{"@type":"ImageObject","inLanguage":"pl-PL","@id":"https:\/\/rowerowycieszyn.pl\/#\/schema\/logo\/image\/","url":"https:\/\/rowerowycieszyn.pl\/wp-content\/uploads\/2020\/07\/cropped-rower1_cr_tn-1.jpg","contentUrl":"https:\/\/rowerowycieszyn.pl\/wp-content\/uploads\/2020\/07\/cropped-rower1_cr_tn-1.jpg","width":250,"height":100,"caption":"Rowerowy Cieszyn"},"image":{"@id":"https:\/\/rowerowycieszyn.pl\/#\/schema\/logo\/image\/"},"sameAs":["https:\/\/www.facebook.com\/RowerowyCieszyn"]}]}},"_links":{"self":[{"href":"https:\/\/rowerowycieszyn.pl\/index.php\/wp-json\/wp\/v2\/pages\/2","targetHints":{"allow":["GET"]}}],"collection":[{"href":"https:\/\/rowerowycieszyn.pl\/index.php\/wp-json\/wp\/v2\/pages"}],"about":[{"href":"https:\/\/rowerowycieszyn.pl\/index.php\/wp-json\/wp\/v2\/types\/page"}],"author":[{"embeddable":true,"href":"https:\/\/rowerowycieszyn.pl\/index.php\/wp-json\/wp\/v2\/users\/1"}],"replies":[{"embeddable":true,"href":"https:\/\/rowerowycieszyn.pl\/index.php\/wp-json\/wp\/v2\/comments?post=2"}],"version-history":[{"count":15,"href":"https:\/\/rowerowycieszyn.pl\/index.php\/wp-json\/wp\/v2\/pages\/2\/revisions"}],"predecessor-version":[{"id":1955,"href":"https:\/\/rowerowycieszyn.pl\/index.php\/wp-json\/wp\/v2\/pages\/2\/revisions\/1955"}],"wp:attachment":[{"href":"https:\/\/rowerowycieszyn.pl\/index.php\/wp-json\/wp\/v2\/media?parent=2"}],"curies":[{"name":"wp","href":"https:\/\/api.w.org\/{rel}","templated":true}]}}