{"id":2592,"date":"2025-09-20T21:06:43","date_gmt":"2025-09-20T19:06:43","guid":{"rendered":"https:\/\/rowerowycieszyn.pl\/?page_id=2592"},"modified":"2026-04-03T10:50:38","modified_gmt":"2026-04-03T08:50:38","slug":"rejestracja-uczestnikow","status":"publish","type":"page","link":"https:\/\/rowerowycieszyn.pl\/index.php\/rejestracja-uczestnikow\/","title":{"rendered":"Rejestracja uczestnik\u00f3w wycieczki rowerowej 12-04-2026"},"content":{"rendered":"\r\n<h2 class=\"wp-block-heading\">Cieszyn &#8211; Gu\u0142dowy &#8211; Ba\u017canowice &#8211; Golesz\u00f3w-Dzi\u0119giel\u00f3w-Pu\u0144c\u00f3w-Cieszyn<\/h2>\r\n\r\n\r\n\r\n<p>Termin: 12.04.2026<br \/>Godzina rozpocz\u0119cia: 10:00<br \/>Start: Rynek Cieszyn<\/p>\r\n<p>Podaj swoje imi\u0119 i nazwisko, adres email oraz liczb\u0119 uczestnik\u00f3w:<\/p>\r\n\r\n\r\n    <form action=\"\" method=\"post\" onsubmit=\"return validateCheckbox()\">\r\n        <p>\r\n            <label for=\"name\">Imi\u0119 i nazwisko:<\/label><br>\r\n            <input type=\"text\" id=\"name\" name=\"name\" required>\r\n        <\/p>\r\n        \r\n        <p>\r\n            <label for=\"email\">Adres email:<\/label><br>\r\n            <input type=\"email\" id=\"email\" name=\"email\" required>\r\n        <\/p>\r\n        \r\n        <p>\r\n            <label for=\"participants\">Liczba uczestnik\u00f3w:<\/label><br>\r\n            <input type=\"number\" id=\"participants\" name=\"participants\" min=\"1\" required>\r\n        <\/p>\r\n        \r\n        <p>\r\n            <label>\r\n                <input type=\"checkbox\" id=\"consent\" name=\"consent\" required>\r\n                Wyra\u017cam zgod\u0119 na przetwarzanie moich danych osobowych zgodnie z <a href=\"https:\/\/rowerowycieszyn.pl\/index.php\/polityka-prywatnosci-dla-uczestnikow-wycieczek\/\" target=\"_blank\">polityk\u0105 prywatno\u015bci<\/a>.\r\n            <\/label>\r\n        <\/p>\r\n        \r\n        <p>\r\n            <input type=\"submit\" name=\"submit_registration\" value=\"Wy\u015blij\" id=\"submit-btn\" disabled>\r\n        <\/p>\r\n    <\/form>\r\n    \r\n    <script>\r\n        \/\/ document.getElementById('consent').addEventListener('change', function() {\r\n            \/\/ document.getElementById('submit-btn').disabled = !this.checked;\r\n        \/\/ });\r\n\tfunction validateForm() {\r\n        let name = document.getElementById('name').value.trim();\r\n        let email = document.getElementById('email').value.trim();\r\n        let participants = document.getElementById('participants').value;\r\n        let consent = document.getElementById('consent').checked;\r\n        let submitBtn = document.getElementById('submit-btn');\r\n        \r\n        if (name && email && participants > 0 && consent) {\r\n            submitBtn.disabled = false;\r\n            submitBtn.style.backgroundColor = '#007bff';\r\n            submitBtn.style.cursor = 'pointer';\r\n        } else {\r\n            submitBtn.disabled = true;\r\n            submitBtn.style.backgroundColor = 'grey';\r\n            submitBtn.style.cursor = 'not-allowed';\r\n        }\r\n    }\r\n\t\r\n\t\/\/ Wywo\u0142aj validateForm() po za\u0142adowaniu strony\r\n    \/\/ document.addEventListener('DOMContentLoaded', function() {\r\n        \/\/ validateForm();\r\n    \/\/ });\r\n\t\r\n\t\/\/ Nas\u0142uchuj zmian w formularzu i uruchamiaj walidacj\u0119\r\n    document.addEventListener('DOMContentLoaded', function() {\r\n        validateForm();\r\n        document.getElementById('name').addEventListener('input', validateForm);\r\n        document.getElementById('email').addEventListener('input', validateForm);\r\n        document.getElementById('participants').addEventListener('input', validateForm);\r\n        document.getElementById('consent').addEventListener('change', validateForm);\r\n    });\r\n\t\r\n\t\t\r\n    <\/script>\r\n\t\r\n\t\r\n    \n\r\n\r\n\r\n<p>&nbsp;<\/p>\r\n","protected":false},"excerpt":{"rendered":"<p>Cieszyn &#8211; Gu\u0142dowy &#8211; Ba\u017canowice &#8211; Golesz\u00f3w-Dzi\u0119giel\u00f3w-Pu\u0144c\u00f3w-Cieszyn Termin: 12.04.2026Godzina rozpocz\u0119cia: 10:00Start: Rynek Cieszyn Podaj swoje imi\u0119 i nazwisko, adres email oraz liczb\u0119 uczestnik\u00f3w: &nbsp;<\/p>\n","protected":false},"author":1,"featured_media":0,"parent":0,"menu_order":0,"comment_status":"closed","ping_status":"closed","template":"","meta":{"footnotes":""},"class_list":["post-2592","page","type-page","status-publish","hentry"],"yoast_head":"<!-- This site is optimized with the Yoast SEO plugin v27.3 - https:\/\/yoast.com\/product\/yoast-seo-wordpress\/ -->\n<title>Rejestracja uczestnik\u00f3w wycieczki rowerowej 12-04-2026 - Rowerowy Cieszyn<\/title>\n<meta name=\"robots\" content=\"index, follow, max-snippet:-1, max-image-preview:large, max-video-preview:-1\" \/>\n<link rel=\"canonical\" href=\"https:\/\/rowerowycieszyn.pl\/index.php\/rejestracja-uczestnikow\/\" \/>\n<meta property=\"og:locale\" content=\"pl_PL\" \/>\n<meta property=\"og:type\" content=\"article\" \/>\n<meta property=\"og:title\" content=\"Rejestracja uczestnik\u00f3w wycieczki rowerowej 12-04-2026 - Rowerowy Cieszyn\" \/>\n<meta property=\"og:description\" content=\"Cieszyn &#8211; Gu\u0142dowy &#8211; Ba\u017canowice &#8211; Golesz\u00f3w-Dzi\u0119giel\u00f3w-Pu\u0144c\u00f3w-Cieszyn Termin: 12.04.2026Godzina rozpocz\u0119cia: 10:00Start: Rynek Cieszyn Podaj swoje imi\u0119 i nazwisko, adres email oraz liczb\u0119 uczestnik\u00f3w: &nbsp;\" \/>\n<meta property=\"og:url\" content=\"https:\/\/rowerowycieszyn.pl\/index.php\/rejestracja-uczestnikow\/\" \/>\n<meta property=\"og:site_name\" content=\"Rowerowy Cieszyn\" \/>\n<meta property=\"article:publisher\" content=\"https:\/\/www.facebook.com\/RowerowyCieszyn\" \/>\n<meta property=\"article:modified_time\" content=\"2026-04-03T08:50:38+00:00\" \/>\n<meta name=\"twitter:card\" content=\"summary_large_image\" \/>\n<meta name=\"twitter:label1\" content=\"Szacowany czas czytania\" \/>\n\t<meta name=\"twitter:data1\" content=\"1 minuta\" \/>\n<script type=\"application\/ld+json\" class=\"yoast-schema-graph\">{\"@context\":\"https:\\\/\\\/schema.org\",\"@graph\":[{\"@type\":\"WebPage\",\"@id\":\"https:\\\/\\\/rowerowycieszyn.pl\\\/index.php\\\/rejestracja-uczestnikow\\\/\",\"url\":\"https:\\\/\\\/rowerowycieszyn.pl\\\/index.php\\\/rejestracja-uczestnikow\\\/\",\"name\":\"Rejestracja uczestnik\u00f3w wycieczki rowerowej 12-04-2026 - Rowerowy Cieszyn\",\"isPartOf\":{\"@id\":\"https:\\\/\\\/rowerowycieszyn.pl\\\/#website\"},\"datePublished\":\"2025-09-20T19:06:43+00:00\",\"dateModified\":\"2026-04-03T08:50:38+00:00\",\"breadcrumb\":{\"@id\":\"https:\\\/\\\/rowerowycieszyn.pl\\\/index.php\\\/rejestracja-uczestnikow\\\/#breadcrumb\"},\"inLanguage\":\"pl-PL\",\"potentialAction\":[{\"@type\":\"ReadAction\",\"target\":[\"https:\\\/\\\/rowerowycieszyn.pl\\\/index.php\\\/rejestracja-uczestnikow\\\/\"]}]},{\"@type\":\"BreadcrumbList\",\"@id\":\"https:\\\/\\\/rowerowycieszyn.pl\\\/index.php\\\/rejestracja-uczestnikow\\\/#breadcrumb\",\"itemListElement\":[{\"@type\":\"ListItem\",\"position\":1,\"name\":\"Home\",\"item\":\"https:\\\/\\\/rowerowycieszyn.pl\\\/\"},{\"@type\":\"ListItem\",\"position\":2,\"name\":\"Rejestracja uczestnik\u00f3w wycieczki rowerowej 12-04-2026\"}]},{\"@type\":\"WebSite\",\"@id\":\"https:\\\/\\\/rowerowycieszyn.pl\\\/#website\",\"url\":\"https:\\\/\\\/rowerowycieszyn.pl\\\/\",\"name\":\"Rowerowy Cieszyn\",\"description\":\"Strona promuj\u0105ca komunikacj\u0119 oraz turystyk\u0119 rowerow\u0105 na terenie Cieszyna i okolic.\",\"publisher\":{\"@id\":\"https:\\\/\\\/rowerowycieszyn.pl\\\/#organization\"},\"potentialAction\":[{\"@type\":\"SearchAction\",\"target\":{\"@type\":\"EntryPoint\",\"urlTemplate\":\"https:\\\/\\\/rowerowycieszyn.pl\\\/?s={search_term_string}\"},\"query-input\":{\"@type\":\"PropertyValueSpecification\",\"valueRequired\":true,\"valueName\":\"search_term_string\"}}],\"inLanguage\":\"pl-PL\"},{\"@type\":\"Organization\",\"@id\":\"https:\\\/\\\/rowerowycieszyn.pl\\\/#organization\",\"name\":\"Rowerowy Cieszyn\",\"url\":\"https:\\\/\\\/rowerowycieszyn.pl\\\/\",\"logo\":{\"@type\":\"ImageObject\",\"inLanguage\":\"pl-PL\",\"@id\":\"https:\\\/\\\/rowerowycieszyn.pl\\\/#\\\/schema\\\/logo\\\/image\\\/\",\"url\":\"https:\\\/\\\/rowerowycieszyn.pl\\\/wp-content\\\/uploads\\\/2020\\\/07\\\/cropped-rower1_cr_tn-1.jpg\",\"contentUrl\":\"https:\\\/\\\/rowerowycieszyn.pl\\\/wp-content\\\/uploads\\\/2020\\\/07\\\/cropped-rower1_cr_tn-1.jpg\",\"width\":250,\"height\":100,\"caption\":\"Rowerowy Cieszyn\"},\"image\":{\"@id\":\"https:\\\/\\\/rowerowycieszyn.pl\\\/#\\\/schema\\\/logo\\\/image\\\/\"},\"sameAs\":[\"https:\\\/\\\/www.facebook.com\\\/RowerowyCieszyn\"]}]}<\/script>\n<!-- \/ Yoast SEO plugin. -->","yoast_head_json":{"title":"Rejestracja uczestnik\u00f3w wycieczki rowerowej 12-04-2026 - Rowerowy Cieszyn","robots":{"index":"index","follow":"follow","max-snippet":"max-snippet:-1","max-image-preview":"max-image-preview:large","max-video-preview":"max-video-preview:-1"},"canonical":"https:\/\/rowerowycieszyn.pl\/index.php\/rejestracja-uczestnikow\/","og_locale":"pl_PL","og_type":"article","og_title":"Rejestracja uczestnik\u00f3w wycieczki rowerowej 12-04-2026 - Rowerowy Cieszyn","og_description":"Cieszyn &#8211; Gu\u0142dowy &#8211; Ba\u017canowice &#8211; Golesz\u00f3w-Dzi\u0119giel\u00f3w-Pu\u0144c\u00f3w-Cieszyn Termin: 12.04.2026Godzina rozpocz\u0119cia: 10:00Start: Rynek Cieszyn Podaj swoje imi\u0119 i nazwisko, adres email oraz liczb\u0119 uczestnik\u00f3w: &nbsp;","og_url":"https:\/\/rowerowycieszyn.pl\/index.php\/rejestracja-uczestnikow\/","og_site_name":"Rowerowy Cieszyn","article_publisher":"https:\/\/www.facebook.com\/RowerowyCieszyn","article_modified_time":"2026-04-03T08:50:38+00:00","twitter_card":"summary_large_image","twitter_misc":{"Szacowany czas czytania":"1 minuta"},"schema":{"@context":"https:\/\/schema.org","@graph":[{"@type":"WebPage","@id":"https:\/\/rowerowycieszyn.pl\/index.php\/rejestracja-uczestnikow\/","url":"https:\/\/rowerowycieszyn.pl\/index.php\/rejestracja-uczestnikow\/","name":"Rejestracja uczestnik\u00f3w wycieczki rowerowej 12-04-2026 - Rowerowy Cieszyn","isPartOf":{"@id":"https:\/\/rowerowycieszyn.pl\/#website"},"datePublished":"2025-09-20T19:06:43+00:00","dateModified":"2026-04-03T08:50:38+00:00","breadcrumb":{"@id":"https:\/\/rowerowycieszyn.pl\/index.php\/rejestracja-uczestnikow\/#breadcrumb"},"inLanguage":"pl-PL","potentialAction":[{"@type":"ReadAction","target":["https:\/\/rowerowycieszyn.pl\/index.php\/rejestracja-uczestnikow\/"]}]},{"@type":"BreadcrumbList","@id":"https:\/\/rowerowycieszyn.pl\/index.php\/rejestracja-uczestnikow\/#breadcrumb","itemListElement":[{"@type":"ListItem","position":1,"name":"Home","item":"https:\/\/rowerowycieszyn.pl\/"},{"@type":"ListItem","position":2,"name":"Rejestracja uczestnik\u00f3w wycieczki rowerowej 12-04-2026"}]},{"@type":"WebSite","@id":"https:\/\/rowerowycieszyn.pl\/#website","url":"https:\/\/rowerowycieszyn.pl\/","name":"Rowerowy Cieszyn","description":"Strona promuj\u0105ca komunikacj\u0119 oraz turystyk\u0119 rowerow\u0105 na terenie Cieszyna i okolic.","publisher":{"@id":"https:\/\/rowerowycieszyn.pl\/#organization"},"potentialAction":[{"@type":"SearchAction","target":{"@type":"EntryPoint","urlTemplate":"https:\/\/rowerowycieszyn.pl\/?s={search_term_string}"},"query-input":{"@type":"PropertyValueSpecification","valueRequired":true,"valueName":"search_term_string"}}],"inLanguage":"pl-PL"},{"@type":"Organization","@id":"https:\/\/rowerowycieszyn.pl\/#organization","name":"Rowerowy Cieszyn","url":"https:\/\/rowerowycieszyn.pl\/","logo":{"@type":"ImageObject","inLanguage":"pl-PL","@id":"https:\/\/rowerowycieszyn.pl\/#\/schema\/logo\/image\/","url":"https:\/\/rowerowycieszyn.pl\/wp-content\/uploads\/2020\/07\/cropped-rower1_cr_tn-1.jpg","contentUrl":"https:\/\/rowerowycieszyn.pl\/wp-content\/uploads\/2020\/07\/cropped-rower1_cr_tn-1.jpg","width":250,"height":100,"caption":"Rowerowy Cieszyn"},"image":{"@id":"https:\/\/rowerowycieszyn.pl\/#\/schema\/logo\/image\/"},"sameAs":["https:\/\/www.facebook.com\/RowerowyCieszyn"]}]}},"_links":{"self":[{"href":"https:\/\/rowerowycieszyn.pl\/index.php\/wp-json\/wp\/v2\/pages\/2592","targetHints":{"allow":["GET"]}}],"collection":[{"href":"https:\/\/rowerowycieszyn.pl\/index.php\/wp-json\/wp\/v2\/pages"}],"about":[{"href":"https:\/\/rowerowycieszyn.pl\/index.php\/wp-json\/wp\/v2\/types\/page"}],"author":[{"embeddable":true,"href":"https:\/\/rowerowycieszyn.pl\/index.php\/wp-json\/wp\/v2\/users\/1"}],"replies":[{"embeddable":true,"href":"https:\/\/rowerowycieszyn.pl\/index.php\/wp-json\/wp\/v2\/comments?post=2592"}],"version-history":[{"count":13,"href":"https:\/\/rowerowycieszyn.pl\/index.php\/wp-json\/wp\/v2\/pages\/2592\/revisions"}],"predecessor-version":[{"id":2892,"href":"https:\/\/rowerowycieszyn.pl\/index.php\/wp-json\/wp\/v2\/pages\/2592\/revisions\/2892"}],"wp:attachment":[{"href":"https:\/\/rowerowycieszyn.pl\/index.php\/wp-json\/wp\/v2\/media?parent=2592"}],"curies":[{"name":"wp","href":"https:\/\/api.w.org\/{rel}","templated":true}]}}